{"id":2,"date":"2025-06-10T10:04:30","date_gmt":"2025-06-10T08:04:30","guid":{"rendered":"https:\/\/letanneur-wortwerk.de\/?page_id=2"},"modified":"2025-09-06T12:03:19","modified_gmt":"2025-09-06T10:03:19","slug":"beispiel-seite","status":"publish","type":"page","link":"https:\/\/letanneur-wortwerk.de\/?page_id=2","title":{"rendered":"KI im Unterrichtskontext Sek II"},"content":{"rendered":"\n<p>Im November 2022 hat die kostenfreie Ver\u00f6ffentlichung des Sprachmodells GPT-3 durch das Unternehmen OpenAI eine weltweite Dynamik ausgel\u00f6st \u2013 Millionen von Nutzerinnen und Nutzern in k\u00fcrzester Zeit! <\/p>\n\n\n\n<p>Das erfordert eines notwendigen bildungspolitischen und wissenschaftlichen Auseinandersetzung mit den Chancen, Risiken und Grenzen von K\u00fcnstlicher Intelligenz (KI) \u2013 insbesondere von <em>Large Language Models<\/em> (LLM) \u2013 im Schulkontext. In allen Schulstufen, insbesondere in der Sekundarstufe II, in Berufsfachschulen und Berufsmaturit\u00e4tslehrg\u00e4ngen stellt sich seither die Frage, inwiefern diese Technologien verantwortungsvoll und lernwirksam eingesetzt werden k\u00f6nnen. <\/p>\n\n\n\n<p>Sowohl von Lehrpersonen als auch von Lernenden verlangt das neue Kompetenzen im kritischen, kreativen und rechtssicheren Umgang mit KI-gest\u00fctzten Werkzeugen.<\/p>\n\n\n\n<p><\/p>\n","protected":false},"excerpt":{"rendered":"<p>Im November 2022 hat die kostenfreie Ver\u00f6ffentlichung des Sprachmodells GPT-3 durch das Unternehmen OpenAI eine weltweite Dynamik ausgel\u00f6st \u2013 Millionen von Nutzerinnen und Nutzern in k\u00fcrzester Zeit! Das erfordert eines notwendigen bildungspolitischen und wissenschaftlichen Auseinandersetzung mit den Chancen, Risiken und Grenzen von K\u00fcnstlicher Intelligenz (KI) \u2013 insbesondere von Large Language Models (LLM) \u2013 im Schulkontext. [&hellip;]<\/p>\n","protected":false},"author":1,"featured_media":0,"parent":0,"menu_order":0,"comment_status":"closed","ping_status":"open","template":"","meta":{"footnotes":""},"class_list":["post-2","page","type-page","status-publish","hentry"],"blocksy_meta":[],"_links":{"self":[{"href":"https:\/\/letanneur-wortwerk.de\/index.php?rest_route=\/wp\/v2\/pages\/2","targetHints":{"allow":["GET"]}}],"collection":[{"href":"https:\/\/letanneur-wortwerk.de\/index.php?rest_route=\/wp\/v2\/pages"}],"about":[{"href":"https:\/\/letanneur-wortwerk.de\/index.php?rest_route=\/wp\/v2\/types\/page"}],"author":[{"embeddable":true,"href":"https:\/\/letanneur-wortwerk.de\/index.php?rest_route=\/wp\/v2\/users\/1"}],"replies":[{"embeddable":true,"href":"https:\/\/letanneur-wortwerk.de\/index.php?rest_route=%2Fwp%2Fv2%2Fcomments&post=2"}],"version-history":[{"count":3,"href":"https:\/\/letanneur-wortwerk.de\/index.php?rest_route=\/wp\/v2\/pages\/2\/revisions"}],"predecessor-version":[{"id":23,"href":"https:\/\/letanneur-wortwerk.de\/index.php?rest_route=\/wp\/v2\/pages\/2\/revisions\/23"}],"wp:attachment":[{"href":"https:\/\/letanneur-wortwerk.de\/index.php?rest_route=%2Fwp%2Fv2%2Fmedia&parent=2"}],"curies":[{"name":"wp","href":"https:\/\/api.w.org\/{rel}","templated":true}]}}